{"id":261,"date":"2023-08-07T10:07:48","date_gmt":"2023-08-07T10:07:48","guid":{"rendered":"https:\/\/climbwarrior.com\/?page_id=261"},"modified":"2023-10-17T11:12:16","modified_gmt":"2023-10-17T11:12:16","slug":"politica-de-cookies","status":"publish","type":"page","link":"https:\/\/climbwarrior.com\/?page_id=261","title":{"rendered":"Pol\u00edtica de Cookies"},"content":{"rendered":"\n<p>El presente SITIO WEB utiliza cookies, que son peque\u00f1os ficheros que se descargan en su ordenador al acceder a determinadas p\u00e1ginas web. Las cookies permiten a una p\u00e1gina web, entre otras cosas, almacenar y recuperar informaci\u00f3n sobre los h\u00e1bitos de navegaci\u00f3n de un usuario o de su equipo y, dependiendo de la informaci\u00f3n que contengan y de la forma en que utilice su equipo, pueden utilizarse para reconocer al usuario. Los datos que se generan en el ordenador del usuario nos permiten obtener la siguiente informaci\u00f3n:<br>La Web hace uso de Google Analytics, un servicio de anal\u00edtica de Google, Inc. (\u201cGoogle\u201d). Google Analytics utiliza cookies, archivos de texto ubicados en tu ordenador, con el objetivo de llevar a cabo una anal\u00edtica Web acerca del modo de uso de los usuarios de la Web. La informaci\u00f3n generada por la cookie acerca de tu uso de la Web (incluyendo tu direcci\u00f3n IP), ser\u00e1 transmitida y almacenada por Google en los servidores de internet de Estados Unidos. Google no asociar\u00e1 su direcci\u00f3n IP con ning\u00fan otro dato del que disponga Google.<\/p>\n\n\n\n<p>Puede Usted rechazar el tratamiento de los datos o la informaci\u00f3n rechazando el uso de cookies mediante la selecci\u00f3n de la configuraci\u00f3n apropiada de su navegador, sin embargo, debe Usted saber que si lo hace puede ser que no pueda usar la plena funcionalidad de este website.<br>Para m\u00e1s informaci\u00f3n sobre Google Analytics pulse aqu\u00ed:<br><a href=\"https:\/\/www.google.es\/intl\/es\/analytics\/\">https:\/\/www.google.es\/intl\/es\/analytics\/<\/a><\/p>\n\n\n\n<p>Adem\u00e1s, usted puede impedir el registro de los datos facilitados por la cookie a Google referentes al uso del sitio web (incluida su direcci\u00f3n IP), as\u00ed como el procesamiento de estos datos por parte de Google descargando e instal\u00e1ndose en su ordenador el plug-in de navegador disponible a trav\u00e9s del siguiente enlace:<br><a href=\"https:\/\/tools.google.com\/dlpage\/gaoptout?hl=es\">https:\/\/tools.google.com\/dlpage\/gaoptout?hl=es<\/a><br>Puede usted permitir, bloquear o eliminar las cookies instaladas en su equipo mediante la configuraci\u00f3n de las opciones del navegador instalado en su ordenador.<br>Para m\u00e1s informaci\u00f3n sobre Firefox pulse aqu\u00ed:<br><a href=\"https:\/\/support.mozilla.org\/es\/kb\/cookies-informacion-que-los-sitios-web-guardan-en-\">https:\/\/support.mozilla.org\/es\/kb\/cookies-informacion-que-los-sitios-web-guardan-en-<\/a><br>Para m\u00e1s informaci\u00f3n sobre Chrome pulse aqu\u00ed:<br><a href=\"http:\/\/support.google.com\/chrome\/bin\/answer.py?hl=es&amp;answer=95647\">http:\/\/support.google.com\/chrome\/bin\/answer.py?hl=es&amp;answer=95647<\/a><br>Para m\u00e1s informaci\u00f3n sobre Explorer pulse aqu\u00ed:<br><a href=\"https:\/\/support.microsoft.com\/es-es\/help\/260971\/description-of-cookies\">https:\/\/support.microsoft.com\/es-es\/help\/260971\/description-of-cookies<\/a><br>Para m\u00e1s informaci\u00f3n sobre Safari pulse aqu\u00ed:<br><a href=\"http:\/\/support.apple.com\/kb\/ph5042\">http:\/\/support.apple.com\/kb\/ph5042<\/a><br>Para m\u00e1s informaci\u00f3n sobre Opera pulse aqu\u00ed:<br><a href=\"http:\/\/help.opera.com\/Windows\/11.50\/es-ES\/cookies.html\">http:\/\/help.opera.com\/Windows\/11.50\/es-ES\/cookies.html<\/a><\/p>\n","protected":false},"excerpt":{"rendered":"<p>El presente SITIO WEB utiliza cookies, que son peque\u00f1os ficheros que se descargan en su ordenador al acceder a determinadas p\u00e1ginas web. Las cookies permiten a una p\u00e1gina web, entre otras cosas, almacenar y recuperar informaci\u00f3n sobre los h\u00e1bitos de navegaci\u00f3n de un usuario o de su equipo y, dependiendo de la informaci\u00f3n que contengan [&hellip;]<\/p>\n","protected":false},"author":1,"featured_media":0,"parent":0,"menu_order":0,"comment_status":"closed","ping_status":"closed","template":"","meta":{"footnotes":""},"class_list":["post-261","page","type-page","status-publish","hentry"],"yoast_head":"<!-- This site is optimized with the Yoast SEO plugin v27.3 - https:\/\/yoast.com\/product\/yoast-seo-wordpress\/ -->\n<title>Pol\u00edtica de Cookies - Climb Warrior<\/title>\n<meta name=\"robots\" content=\"index, follow, max-snippet:-1, max-image-preview:large, max-video-preview:-1\" \/>\n<link rel=\"canonical\" href=\"https:\/\/climbwarrior.com\/?page_id=261\" \/>\n<meta property=\"og:locale\" content=\"es_ES\" \/>\n<meta property=\"og:type\" content=\"article\" \/>\n<meta property=\"og:title\" content=\"Pol\u00edtica de Cookies - Climb Warrior\" \/>\n<meta property=\"og:description\" content=\"El presente SITIO WEB utiliza cookies, que son peque\u00f1os ficheros que se descargan en su ordenador al acceder a determinadas p\u00e1ginas web. Las cookies permiten a una p\u00e1gina web, entre otras cosas, almacenar y recuperar informaci\u00f3n sobre los h\u00e1bitos de navegaci\u00f3n de un usuario o de su equipo y, dependiendo de la informaci\u00f3n que contengan [&hellip;]\" \/>\n<meta property=\"og:url\" content=\"https:\/\/climbwarrior.com\/?page_id=261\" \/>\n<meta property=\"og:site_name\" content=\"Climb Warrior\" \/>\n<meta property=\"article:modified_time\" content=\"2023-10-17T11:12:16+00:00\" \/>\n<meta name=\"twitter:card\" content=\"summary_large_image\" \/>\n<meta name=\"twitter:label1\" content=\"Tiempo de lectura\" \/>\n\t<meta name=\"twitter:data1\" content=\"2 minutos\" \/>\n<script type=\"application\/ld+json\" class=\"yoast-schema-graph\">{\"@context\":\"https:\\\/\\\/schema.org\",\"@graph\":[{\"@type\":\"WebPage\",\"@id\":\"https:\\\/\\\/climbwarrior.com\\\/?page_id=261\",\"url\":\"https:\\\/\\\/climbwarrior.com\\\/?page_id=261\",\"name\":\"Pol\u00edtica de Cookies - Climb Warrior\",\"isPartOf\":{\"@id\":\"https:\\\/\\\/climbwarrior.com\\\/#website\"},\"datePublished\":\"2023-08-07T10:07:48+00:00\",\"dateModified\":\"2023-10-17T11:12:16+00:00\",\"breadcrumb\":{\"@id\":\"https:\\\/\\\/climbwarrior.com\\\/?page_id=261#breadcrumb\"},\"inLanguage\":\"es\",\"potentialAction\":[{\"@type\":\"ReadAction\",\"target\":[\"https:\\\/\\\/climbwarrior.com\\\/?page_id=261\"]}]},{\"@type\":\"BreadcrumbList\",\"@id\":\"https:\\\/\\\/climbwarrior.com\\\/?page_id=261#breadcrumb\",\"itemListElement\":[{\"@type\":\"ListItem\",\"position\":1,\"name\":\"Portada\",\"item\":\"https:\\\/\\\/climbwarrior.com\\\/\"},{\"@type\":\"ListItem\",\"position\":2,\"name\":\"Pol\u00edtica de Cookies\"}]},{\"@type\":\"WebSite\",\"@id\":\"https:\\\/\\\/climbwarrior.com\\\/#website\",\"url\":\"https:\\\/\\\/climbwarrior.com\\\/\",\"name\":\"Climb Warrior\",\"description\":\"\",\"publisher\":{\"@id\":\"https:\\\/\\\/climbwarrior.com\\\/#organization\"},\"potentialAction\":[{\"@type\":\"SearchAction\",\"target\":{\"@type\":\"EntryPoint\",\"urlTemplate\":\"https:\\\/\\\/climbwarrior.com\\\/?s={search_term_string}\"},\"query-input\":{\"@type\":\"PropertyValueSpecification\",\"valueRequired\":true,\"valueName\":\"search_term_string\"}}],\"inLanguage\":\"es\"},{\"@type\":\"Organization\",\"@id\":\"https:\\\/\\\/climbwarrior.com\\\/#organization\",\"name\":\"Climb Warrior\",\"url\":\"https:\\\/\\\/climbwarrior.com\\\/\",\"logo\":{\"@type\":\"ImageObject\",\"inLanguage\":\"es\",\"@id\":\"https:\\\/\\\/climbwarrior.com\\\/#\\\/schema\\\/logo\\\/image\\\/\",\"url\":\"https:\\\/\\\/climbwarrior.com\\\/wp-content\\\/uploads\\\/2024\\\/01\\\/Rocodromo-Granada-Climb-Warrior-.png\",\"contentUrl\":\"https:\\\/\\\/climbwarrior.com\\\/wp-content\\\/uploads\\\/2024\\\/01\\\/Rocodromo-Granada-Climb-Warrior-.png\",\"width\":689,\"height\":322,\"caption\":\"Climb Warrior\"},\"image\":{\"@id\":\"https:\\\/\\\/climbwarrior.com\\\/#\\\/schema\\\/logo\\\/image\\\/\"}}]}<\/script>\n<!-- \/ Yoast SEO plugin. -->","yoast_head_json":{"title":"Pol\u00edtica de Cookies - Climb Warrior","robots":{"index":"index","follow":"follow","max-snippet":"max-snippet:-1","max-image-preview":"max-image-preview:large","max-video-preview":"max-video-preview:-1"},"canonical":"https:\/\/climbwarrior.com\/?page_id=261","og_locale":"es_ES","og_type":"article","og_title":"Pol\u00edtica de Cookies - Climb Warrior","og_description":"El presente SITIO WEB utiliza cookies, que son peque\u00f1os ficheros que se descargan en su ordenador al acceder a determinadas p\u00e1ginas web. Las cookies permiten a una p\u00e1gina web, entre otras cosas, almacenar y recuperar informaci\u00f3n sobre los h\u00e1bitos de navegaci\u00f3n de un usuario o de su equipo y, dependiendo de la informaci\u00f3n que contengan [&hellip;]","og_url":"https:\/\/climbwarrior.com\/?page_id=261","og_site_name":"Climb Warrior","article_modified_time":"2023-10-17T11:12:16+00:00","twitter_card":"summary_large_image","twitter_misc":{"Tiempo de lectura":"2 minutos"},"schema":{"@context":"https:\/\/schema.org","@graph":[{"@type":"WebPage","@id":"https:\/\/climbwarrior.com\/?page_id=261","url":"https:\/\/climbwarrior.com\/?page_id=261","name":"Pol\u00edtica de Cookies - Climb Warrior","isPartOf":{"@id":"https:\/\/climbwarrior.com\/#website"},"datePublished":"2023-08-07T10:07:48+00:00","dateModified":"2023-10-17T11:12:16+00:00","breadcrumb":{"@id":"https:\/\/climbwarrior.com\/?page_id=261#breadcrumb"},"inLanguage":"es","potentialAction":[{"@type":"ReadAction","target":["https:\/\/climbwarrior.com\/?page_id=261"]}]},{"@type":"BreadcrumbList","@id":"https:\/\/climbwarrior.com\/?page_id=261#breadcrumb","itemListElement":[{"@type":"ListItem","position":1,"name":"Portada","item":"https:\/\/climbwarrior.com\/"},{"@type":"ListItem","position":2,"name":"Pol\u00edtica de Cookies"}]},{"@type":"WebSite","@id":"https:\/\/climbwarrior.com\/#website","url":"https:\/\/climbwarrior.com\/","name":"Climb Warrior","description":"","publisher":{"@id":"https:\/\/climbwarrior.com\/#organization"},"potentialAction":[{"@type":"SearchAction","target":{"@type":"EntryPoint","urlTemplate":"https:\/\/climbwarrior.com\/?s={search_term_string}"},"query-input":{"@type":"PropertyValueSpecification","valueRequired":true,"valueName":"search_term_string"}}],"inLanguage":"es"},{"@type":"Organization","@id":"https:\/\/climbwarrior.com\/#organization","name":"Climb Warrior","url":"https:\/\/climbwarrior.com\/","logo":{"@type":"ImageObject","inLanguage":"es","@id":"https:\/\/climbwarrior.com\/#\/schema\/logo\/image\/","url":"https:\/\/climbwarrior.com\/wp-content\/uploads\/2024\/01\/Rocodromo-Granada-Climb-Warrior-.png","contentUrl":"https:\/\/climbwarrior.com\/wp-content\/uploads\/2024\/01\/Rocodromo-Granada-Climb-Warrior-.png","width":689,"height":322,"caption":"Climb Warrior"},"image":{"@id":"https:\/\/climbwarrior.com\/#\/schema\/logo\/image\/"}}]}},"_links":{"self":[{"href":"https:\/\/climbwarrior.com\/index.php?rest_route=\/wp\/v2\/pages\/261","targetHints":{"allow":["GET"]}}],"collection":[{"href":"https:\/\/climbwarrior.com\/index.php?rest_route=\/wp\/v2\/pages"}],"about":[{"href":"https:\/\/climbwarrior.com\/index.php?rest_route=\/wp\/v2\/types\/page"}],"author":[{"embeddable":true,"href":"https:\/\/climbwarrior.com\/index.php?rest_route=\/wp\/v2\/users\/1"}],"replies":[{"embeddable":true,"href":"https:\/\/climbwarrior.com\/index.php?rest_route=%2Fwp%2Fv2%2Fcomments&post=261"}],"version-history":[{"count":1,"href":"https:\/\/climbwarrior.com\/index.php?rest_route=\/wp\/v2\/pages\/261\/revisions"}],"predecessor-version":[{"id":262,"href":"https:\/\/climbwarrior.com\/index.php?rest_route=\/wp\/v2\/pages\/261\/revisions\/262"}],"wp:attachment":[{"href":"https:\/\/climbwarrior.com\/index.php?rest_route=%2Fwp%2Fv2%2Fmedia&parent=261"}],"curies":[{"name":"wp","href":"https:\/\/api.w.org\/{rel}","templated":true}]}}