{"id":435,"date":"2023-10-17T17:47:19","date_gmt":"2023-10-17T17:47:19","guid":{"rendered":"https:\/\/climbwarrior.com\/?page_id=435"},"modified":"2025-06-06T16:19:36","modified_gmt":"2025-06-06T16:19:36","slug":"donde-estamos","status":"publish","type":"page","link":"https:\/\/climbwarrior.com\/?page_id=435","title":{"rendered":"Donde estamos"},"content":{"rendered":"\t\t<div data-elementor-type=\"wp-page\" data-elementor-id=\"435\" class=\"elementor elementor-435\">\n\t\t\t\t\t\t<section class=\"elementor-section elementor-top-section elementor-element elementor-element-2f22e38 elementor-section-boxed elementor-section-height-default elementor-section-height-default\" data-id=\"2f22e38\" data-element_type=\"section\" data-e-type=\"section\">\n\t\t\t\t\t\t<div class=\"elementor-container elementor-column-gap-default\">\n\t\t\t\t\t<div class=\"elementor-column elementor-col-100 elementor-top-column elementor-element elementor-element-a540725\" data-id=\"a540725\" data-element_type=\"column\" data-e-type=\"column\">\n\t\t\t<div class=\"elementor-widget-wrap elementor-element-populated\">\n\t\t\t\t\t\t<div class=\"elementor-element elementor-element-1c150e9 elementor-widget elementor-widget-text-editor\" data-id=\"1c150e9\" data-element_type=\"widget\" data-e-type=\"widget\" data-widget_type=\"text-editor.default\">\n\t\t\t\t<div class=\"elementor-widget-container\">\n\t\t\t\t\t\t\t\t\t<p style=\"text-align: center;\">D\u00d3NDE ESTAMOS<\/p>\t\t\t\t\t\t\t\t<\/div>\n\t\t\t\t<\/div>\n\t\t\t\t\t<\/div>\n\t\t<\/div>\n\t\t\t\t\t<\/div>\n\t\t<\/section>\n\t\t\t\t<section class=\"elementor-section elementor-top-section elementor-element elementor-element-1e218e48 elementor-section-content-middle elementor-reverse-mobile elementor-section-boxed elementor-section-height-default elementor-section-height-default\" data-id=\"1e218e48\" data-element_type=\"section\" data-e-type=\"section\">\n\t\t\t\t\t\t<div class=\"elementor-container elementor-column-gap-no\">\n\t\t\t\t\t<div class=\"elementor-column elementor-col-50 elementor-top-column elementor-element elementor-element-5dd713bd\" data-id=\"5dd713bd\" data-element_type=\"column\" data-e-type=\"column\">\n\t\t\t<div class=\"elementor-widget-wrap elementor-element-populated\">\n\t\t\t\t\t\t<div class=\"elementor-element elementor-element-7d25a1d0 elementor-widget elementor-widget-google_maps\" data-id=\"7d25a1d0\" data-element_type=\"widget\" data-e-type=\"widget\" data-widget_type=\"google_maps.default\">\n\t\t\t\t<div class=\"elementor-widget-container\">\n\t\t\t\t\t\t\t<div class=\"elementor-custom-embed\">\n\t\t\t<iframe loading=\"lazy\"\n\t\t\t\t\tsrc=\"https:\/\/maps.google.com\/maps?q=Climb%20Warrior%2C%20Granada&#038;t=m&#038;z=18&#038;output=embed&#038;iwloc=near\"\n\t\t\t\t\ttitle=\"Climb Warrior, Granada\"\n\t\t\t\t\taria-label=\"Climb Warrior, Granada\"\n\t\t\t><\/iframe>\n\t\t<\/div>\n\t\t\t\t\t\t<\/div>\n\t\t\t\t<\/div>\n\t\t\t\t\t<\/div>\n\t\t<\/div>\n\t\t\t\t<div class=\"elementor-column elementor-col-50 elementor-top-column elementor-element elementor-element-59d1abcf\" data-id=\"59d1abcf\" data-element_type=\"column\" data-e-type=\"column\">\n\t\t\t<div class=\"elementor-widget-wrap elementor-element-populated\">\n\t\t\t\t\t\t<div class=\"elementor-element elementor-element-251fce5c elementor-widget elementor-widget-heading\" data-id=\"251fce5c\" data-element_type=\"widget\" data-e-type=\"widget\" data-widget_type=\"heading.default\">\n\t\t\t\t<div class=\"elementor-widget-container\">\n\t\t\t\t\t<h2 class=\"elementor-heading-title elementor-size-default\">Climb Warrior <\/h2>\t\t\t\t<\/div>\n\t\t\t\t<\/div>\n\t\t\t\t<section class=\"elementor-section elementor-inner-section elementor-element elementor-element-7a1444a6 elementor-section-boxed elementor-section-height-default elementor-section-height-default\" data-id=\"7a1444a6\" data-element_type=\"section\" data-e-type=\"section\">\n\t\t\t\t\t\t<div class=\"elementor-container elementor-column-gap-default\">\n\t\t\t\t\t<div class=\"elementor-column elementor-col-50 elementor-inner-column elementor-element elementor-element-30c99622\" data-id=\"30c99622\" data-element_type=\"column\" data-e-type=\"column\">\n\t\t\t<div class=\"elementor-widget-wrap elementor-element-populated\">\n\t\t\t\t\t\t<div class=\"elementor-element elementor-element-3558ecdf elementor-widget elementor-widget-heading\" data-id=\"3558ecdf\" data-element_type=\"widget\" data-e-type=\"widget\" data-widget_type=\"heading.default\">\n\t\t\t\t<div class=\"elementor-widget-container\">\n\t\t\t\t\t<h2 class=\"elementor-heading-title elementor-size-default\">Localizaci\u00f3n<\/h2>\t\t\t\t<\/div>\n\t\t\t\t<\/div>\n\t\t\t\t<div class=\"elementor-element elementor-element-393a5d1f elementor-widget elementor-widget-text-editor\" data-id=\"393a5d1f\" data-element_type=\"widget\" data-e-type=\"widget\" data-widget_type=\"text-editor.default\">\n\t\t\t\t<div class=\"elementor-widget-container\">\n\t\t\t\t\t\t\t\t\t<p>Avenida Gandhi, 46\u00a0<\/p><p>La Zubia &#8211; Granada\u00a0<\/p>\t\t\t\t\t\t\t\t<\/div>\n\t\t\t\t<\/div>\n\t\t\t\t\t<\/div>\n\t\t<\/div>\n\t\t\t\t<div class=\"elementor-column elementor-col-50 elementor-inner-column elementor-element elementor-element-5f5e8d79\" data-id=\"5f5e8d79\" data-element_type=\"column\" data-e-type=\"column\">\n\t\t\t<div class=\"elementor-widget-wrap elementor-element-populated\">\n\t\t\t\t\t\t<div class=\"elementor-element elementor-element-2c35c24b elementor-widget elementor-widget-heading\" data-id=\"2c35c24b\" data-element_type=\"widget\" data-e-type=\"widget\" data-widget_type=\"heading.default\">\n\t\t\t\t<div class=\"elementor-widget-container\">\n\t\t\t\t\t<h2 class=\"elementor-heading-title elementor-size-default\">Contacto<\/h2>\t\t\t\t<\/div>\n\t\t\t\t<\/div>\n\t\t\t\t<div class=\"elementor-element elementor-element-431770e0 elementor-widget elementor-widget-text-editor\" data-id=\"431770e0\" data-element_type=\"widget\" data-e-type=\"widget\" data-widget_type=\"text-editor.default\">\n\t\t\t\t<div class=\"elementor-widget-container\">\n\t\t\t\t\t\t\t\t\t<p>Tel\u00e9fono: 689 709 115<\/p><p>Email : info@climbwarrior.com<\/p>\t\t\t\t\t\t\t\t<\/div>\n\t\t\t\t<\/div>\n\t\t\t\t\t<\/div>\n\t\t<\/div>\n\t\t\t\t\t<\/div>\n\t\t<\/section>\n\t\t\t\t<section class=\"elementor-section elementor-inner-section elementor-element elementor-element-3b992c31 elementor-section-boxed elementor-section-height-default elementor-section-height-default\" data-id=\"3b992c31\" data-element_type=\"section\" data-e-type=\"section\">\n\t\t\t\t\t\t<div class=\"elementor-container elementor-column-gap-default\">\n\t\t\t\t\t<div class=\"elementor-column elementor-col-50 elementor-inner-column elementor-element elementor-element-3843f84c\" data-id=\"3843f84c\" data-element_type=\"column\" data-e-type=\"column\">\n\t\t\t<div class=\"elementor-widget-wrap elementor-element-populated\">\n\t\t\t\t\t\t<div class=\"elementor-element elementor-element-11092c06 elementor-widget elementor-widget-heading\" data-id=\"11092c06\" data-element_type=\"widget\" data-e-type=\"widget\" data-widget_type=\"heading.default\">\n\t\t\t\t<div class=\"elementor-widget-container\">\n\t\t\t\t\t<h2 class=\"elementor-heading-title elementor-size-default\">Nuestro horario<\/h2>\t\t\t\t<\/div>\n\t\t\t\t<\/div>\n\t\t\t\t<div class=\"elementor-element elementor-element-3dc4f8a9 elementor-widget elementor-widget-text-editor\" data-id=\"3dc4f8a9\" data-element_type=\"widget\" data-e-type=\"widget\" data-widget_type=\"text-editor.default\">\n\t\t\t\t<div class=\"elementor-widget-container\">\n\t\t\t\t\t\t\t\t\t<p>Lunes a viernes: 10:00 a 13:30 y 17:00 a 22:00<\/p><p>S\u00e1bados: de 10:00 a 14:00<\/p>\t\t\t\t\t\t\t\t<\/div>\n\t\t\t\t<\/div>\n\t\t\t\t\t<\/div>\n\t\t<\/div>\n\t\t\t\t<div class=\"elementor-column elementor-col-50 elementor-inner-column elementor-element elementor-element-2a9a1b8d\" data-id=\"2a9a1b8d\" data-element_type=\"column\" data-e-type=\"column\">\n\t\t\t<div class=\"elementor-widget-wrap elementor-element-populated\">\n\t\t\t\t\t\t<div class=\"elementor-element elementor-element-8e903d4 elementor-widget elementor-widget-heading\" data-id=\"8e903d4\" data-element_type=\"widget\" data-e-type=\"widget\" data-widget_type=\"heading.default\">\n\t\t\t\t<div class=\"elementor-widget-container\">\n\t\t\t\t\t<h2 class=\"elementor-heading-title elementor-size-default\">S\u00edguenos en RRSS<\/h2>\t\t\t\t<\/div>\n\t\t\t\t<\/div>\n\t\t\t\t<div class=\"elementor-element elementor-element-5dacc142 elementor-shape-square e-grid-align-left elementor-grid-0 elementor-widget elementor-widget-social-icons\" data-id=\"5dacc142\" data-element_type=\"widget\" data-e-type=\"widget\" data-widget_type=\"social-icons.default\">\n\t\t\t\t<div class=\"elementor-widget-container\">\n\t\t\t\t\t\t\t<div class=\"elementor-social-icons-wrapper elementor-grid\">\n\t\t\t\t\t\t\t<span class=\"elementor-grid-item\">\n\t\t\t\t\t<a class=\"elementor-icon elementor-social-icon elementor-social-icon-instagram elementor-animation-grow elementor-repeater-item-2d0da0c\" href=\"https:\/\/www.instagram.com\/climbwarriorocr\/\" target=\"_blank\">\n\t\t\t\t\t\t<span class=\"elementor-screen-only\">Instagram<\/span>\n\t\t\t\t\t\t<i aria-hidden=\"true\" class=\"fab fa-instagram\"><\/i>\t\t\t\t\t<\/a>\n\t\t\t\t<\/span>\n\t\t\t\t\t<\/div>\n\t\t\t\t\t\t<\/div>\n\t\t\t\t<\/div>\n\t\t\t\t\t<\/div>\n\t\t<\/div>\n\t\t\t\t\t<\/div>\n\t\t<\/section>\n\t\t\t\t\t<\/div>\n\t\t<\/div>\n\t\t\t\t\t<\/div>\n\t\t<\/section>\n\t\t\t\t<\/div>\n\t\t","protected":false},"excerpt":{"rendered":"<p>D\u00d3NDE ESTAMOS Climb Warrior Localizaci\u00f3n Avenida Gandhi, 46\u00a0 La Zubia &#8211; Granada\u00a0 Contacto Tel\u00e9fono: 689 709 115 Email : info@climbwarrior.com Nuestro horario Lunes a viernes: 10:00 a 13:30 y 17:00 a 22:00 S\u00e1bados: de 10:00 a 14:00 S\u00edguenos en RRSS Instagram<\/p>\n","protected":false},"author":1,"featured_media":0,"parent":0,"menu_order":0,"comment_status":"closed","ping_status":"closed","template":"","meta":{"footnotes":""},"class_list":["post-435","page","type-page","status-publish","hentry"],"yoast_head":"<!-- This site is optimized with the Yoast SEO plugin v27.5 - https:\/\/yoast.com\/product\/yoast-seo-wordpress\/ -->\n<title>Donde estamos - Encuentra nuestro roc\u00f3dromo - Climb Warrior<\/title>\n<meta name=\"description\" content=\"Nuestro roc\u00f3dromo se encuentra en la entrada de La Zubia. Justo detr\u00e1s del centro comercial Alhsur. A dos minutos del centro de Granada\" \/>\n<meta name=\"robots\" content=\"index, follow, max-snippet:-1, max-image-preview:large, max-video-preview:-1\" \/>\n<link rel=\"canonical\" href=\"https:\/\/climbwarrior.com\/?page_id=435\" \/>\n<meta property=\"og:locale\" content=\"es_ES\" \/>\n<meta property=\"og:type\" content=\"article\" \/>\n<meta property=\"og:title\" content=\"Donde estamos - Encuentra nuestro roc\u00f3dromo - Climb Warrior\" \/>\n<meta property=\"og:description\" content=\"Nuestro roc\u00f3dromo se encuentra en la entrada de La Zubia. Justo detr\u00e1s del centro comercial Alhsur. A dos minutos del centro de Granada\" \/>\n<meta property=\"og:url\" content=\"https:\/\/climbwarrior.com\/?page_id=435\" \/>\n<meta property=\"og:site_name\" content=\"Climb Warrior\" \/>\n<meta property=\"article:modified_time\" content=\"2025-06-06T16:19:36+00:00\" \/>\n<meta name=\"twitter:card\" content=\"summary_large_image\" \/>\n<meta name=\"twitter:label1\" content=\"Tiempo de lectura\" \/>\n\t<meta name=\"twitter:data1\" content=\"1 minuto\" \/>\n<script type=\"application\/ld+json\" class=\"yoast-schema-graph\">{\"@context\":\"https:\\\/\\\/schema.org\",\"@graph\":[{\"@type\":\"WebPage\",\"@id\":\"https:\\\/\\\/climbwarrior.com\\\/?page_id=435\",\"url\":\"https:\\\/\\\/climbwarrior.com\\\/?page_id=435\",\"name\":\"Donde estamos - Encuentra nuestro roc\u00f3dromo - Climb Warrior\",\"isPartOf\":{\"@id\":\"https:\\\/\\\/climbwarrior.com\\\/#website\"},\"datePublished\":\"2023-10-17T17:47:19+00:00\",\"dateModified\":\"2025-06-06T16:19:36+00:00\",\"description\":\"Nuestro roc\u00f3dromo se encuentra en la entrada de La Zubia. Justo detr\u00e1s del centro comercial Alhsur. A dos minutos del centro de Granada\",\"breadcrumb\":{\"@id\":\"https:\\\/\\\/climbwarrior.com\\\/?page_id=435#breadcrumb\"},\"inLanguage\":\"es\",\"potentialAction\":[{\"@type\":\"ReadAction\",\"target\":[\"https:\\\/\\\/climbwarrior.com\\\/?page_id=435\"]}]},{\"@type\":\"BreadcrumbList\",\"@id\":\"https:\\\/\\\/climbwarrior.com\\\/?page_id=435#breadcrumb\",\"itemListElement\":[{\"@type\":\"ListItem\",\"position\":1,\"name\":\"Portada\",\"item\":\"https:\\\/\\\/climbwarrior.com\\\/\"},{\"@type\":\"ListItem\",\"position\":2,\"name\":\"Donde estamos\"}]},{\"@type\":\"WebSite\",\"@id\":\"https:\\\/\\\/climbwarrior.com\\\/#website\",\"url\":\"https:\\\/\\\/climbwarrior.com\\\/\",\"name\":\"Climb Warrior\",\"description\":\"\",\"publisher\":{\"@id\":\"https:\\\/\\\/climbwarrior.com\\\/#organization\"},\"potentialAction\":[{\"@type\":\"SearchAction\",\"target\":{\"@type\":\"EntryPoint\",\"urlTemplate\":\"https:\\\/\\\/climbwarrior.com\\\/?s={search_term_string}\"},\"query-input\":{\"@type\":\"PropertyValueSpecification\",\"valueRequired\":true,\"valueName\":\"search_term_string\"}}],\"inLanguage\":\"es\"},{\"@type\":\"Organization\",\"@id\":\"https:\\\/\\\/climbwarrior.com\\\/#organization\",\"name\":\"Climb Warrior\",\"url\":\"https:\\\/\\\/climbwarrior.com\\\/\",\"logo\":{\"@type\":\"ImageObject\",\"inLanguage\":\"es\",\"@id\":\"https:\\\/\\\/climbwarrior.com\\\/#\\\/schema\\\/logo\\\/image\\\/\",\"url\":\"https:\\\/\\\/climbwarrior.com\\\/wp-content\\\/uploads\\\/2024\\\/01\\\/Rocodromo-Granada-Climb-Warrior-.png\",\"contentUrl\":\"https:\\\/\\\/climbwarrior.com\\\/wp-content\\\/uploads\\\/2024\\\/01\\\/Rocodromo-Granada-Climb-Warrior-.png\",\"width\":689,\"height\":322,\"caption\":\"Climb Warrior\"},\"image\":{\"@id\":\"https:\\\/\\\/climbwarrior.com\\\/#\\\/schema\\\/logo\\\/image\\\/\"}}]}<\/script>\n<!-- \/ Yoast SEO plugin. -->","yoast_head_json":{"title":"Donde estamos - Encuentra nuestro roc\u00f3dromo - Climb Warrior","description":"Nuestro roc\u00f3dromo se encuentra en la entrada de La Zubia. Justo detr\u00e1s del centro comercial Alhsur. A dos minutos del centro de Granada","robots":{"index":"index","follow":"follow","max-snippet":"max-snippet:-1","max-image-preview":"max-image-preview:large","max-video-preview":"max-video-preview:-1"},"canonical":"https:\/\/climbwarrior.com\/?page_id=435","og_locale":"es_ES","og_type":"article","og_title":"Donde estamos - Encuentra nuestro roc\u00f3dromo - Climb Warrior","og_description":"Nuestro roc\u00f3dromo se encuentra en la entrada de La Zubia. Justo detr\u00e1s del centro comercial Alhsur. A dos minutos del centro de Granada","og_url":"https:\/\/climbwarrior.com\/?page_id=435","og_site_name":"Climb Warrior","article_modified_time":"2025-06-06T16:19:36+00:00","twitter_card":"summary_large_image","twitter_misc":{"Tiempo de lectura":"1 minuto"},"schema":{"@context":"https:\/\/schema.org","@graph":[{"@type":"WebPage","@id":"https:\/\/climbwarrior.com\/?page_id=435","url":"https:\/\/climbwarrior.com\/?page_id=435","name":"Donde estamos - Encuentra nuestro roc\u00f3dromo - Climb Warrior","isPartOf":{"@id":"https:\/\/climbwarrior.com\/#website"},"datePublished":"2023-10-17T17:47:19+00:00","dateModified":"2025-06-06T16:19:36+00:00","description":"Nuestro roc\u00f3dromo se encuentra en la entrada de La Zubia. Justo detr\u00e1s del centro comercial Alhsur. A dos minutos del centro de Granada","breadcrumb":{"@id":"https:\/\/climbwarrior.com\/?page_id=435#breadcrumb"},"inLanguage":"es","potentialAction":[{"@type":"ReadAction","target":["https:\/\/climbwarrior.com\/?page_id=435"]}]},{"@type":"BreadcrumbList","@id":"https:\/\/climbwarrior.com\/?page_id=435#breadcrumb","itemListElement":[{"@type":"ListItem","position":1,"name":"Portada","item":"https:\/\/climbwarrior.com\/"},{"@type":"ListItem","position":2,"name":"Donde estamos"}]},{"@type":"WebSite","@id":"https:\/\/climbwarrior.com\/#website","url":"https:\/\/climbwarrior.com\/","name":"Climb Warrior","description":"","publisher":{"@id":"https:\/\/climbwarrior.com\/#organization"},"potentialAction":[{"@type":"SearchAction","target":{"@type":"EntryPoint","urlTemplate":"https:\/\/climbwarrior.com\/?s={search_term_string}"},"query-input":{"@type":"PropertyValueSpecification","valueRequired":true,"valueName":"search_term_string"}}],"inLanguage":"es"},{"@type":"Organization","@id":"https:\/\/climbwarrior.com\/#organization","name":"Climb Warrior","url":"https:\/\/climbwarrior.com\/","logo":{"@type":"ImageObject","inLanguage":"es","@id":"https:\/\/climbwarrior.com\/#\/schema\/logo\/image\/","url":"https:\/\/climbwarrior.com\/wp-content\/uploads\/2024\/01\/Rocodromo-Granada-Climb-Warrior-.png","contentUrl":"https:\/\/climbwarrior.com\/wp-content\/uploads\/2024\/01\/Rocodromo-Granada-Climb-Warrior-.png","width":689,"height":322,"caption":"Climb Warrior"},"image":{"@id":"https:\/\/climbwarrior.com\/#\/schema\/logo\/image\/"}}]}},"_links":{"self":[{"href":"https:\/\/climbwarrior.com\/index.php?rest_route=\/wp\/v2\/pages\/435","targetHints":{"allow":["GET"]}}],"collection":[{"href":"https:\/\/climbwarrior.com\/index.php?rest_route=\/wp\/v2\/pages"}],"about":[{"href":"https:\/\/climbwarrior.com\/index.php?rest_route=\/wp\/v2\/types\/page"}],"author":[{"embeddable":true,"href":"https:\/\/climbwarrior.com\/index.php?rest_route=\/wp\/v2\/users\/1"}],"replies":[{"embeddable":true,"href":"https:\/\/climbwarrior.com\/index.php?rest_route=%2Fwp%2Fv2%2Fcomments&post=435"}],"version-history":[{"count":25,"href":"https:\/\/climbwarrior.com\/index.php?rest_route=\/wp\/v2\/pages\/435\/revisions"}],"predecessor-version":[{"id":840,"href":"https:\/\/climbwarrior.com\/index.php?rest_route=\/wp\/v2\/pages\/435\/revisions\/840"}],"wp:attachment":[{"href":"https:\/\/climbwarrior.com\/index.php?rest_route=%2Fwp%2Fv2%2Fmedia&parent=435"}],"curies":[{"name":"wp","href":"https:\/\/api.w.org\/{rel}","templated":true}]}}